{"id":4017,"date":"2016-11-06T23:41:24","date_gmt":"2016-11-07T05:41:24","guid":{"rendered":"http:\/\/rickr-d.com\/?page_id=4017"},"modified":"2016-11-07T13:50:39","modified_gmt":"2016-11-07T19:50:39","slug":"video-integracion-proyecto-final-sustentable","status":"publish","type":"page","link":"https:\/\/rickr-d.com\/es\/video-integracion-proyecto-final-sustentable\/","title":{"rendered":"(English) Video Integraci\u00f3n proyecto final sustentable"},"content":{"rendered":"<p class=\"qtranxs-available-languages-message qtranxs-available-languages-message-es\">Disculpa, pero esta entrada est\u00e1 disponible s\u00f3lo en <a href=\"https:\/\/rickr-d.com\/en\/wp-json\/wp\/v2\/pages\/4017\" class=\"qtranxs-available-language-link qtranxs-available-language-link-en\" title=\"English\">Ingl\u00e9s Estadounidense<\/a>.<\/p>","protected":false},"excerpt":{"rendered":"<p>Disculpa, pero esta entrada est\u00e1 disponible s\u00f3lo en Ingl\u00e9s Estadounidense.<\/p>\n","protected":false},"author":1,"featured_media":0,"parent":0,"menu_order":0,"comment_status":"closed","ping_status":"closed","template":"","meta":[],"aioseo_notices":[],"_links":{"self":[{"href":"https:\/\/rickr-d.com\/es\/wp-json\/wp\/v2\/pages\/4017"}],"collection":[{"href":"https:\/\/rickr-d.com\/es\/wp-json\/wp\/v2\/pages"}],"about":[{"href":"https:\/\/rickr-d.com\/es\/wp-json\/wp\/v2\/types\/page"}],"author":[{"embeddable":true,"href":"https:\/\/rickr-d.com\/es\/wp-json\/wp\/v2\/users\/1"}],"replies":[{"embeddable":true,"href":"https:\/\/rickr-d.com\/es\/wp-json\/wp\/v2\/comments?post=4017"}],"version-history":[{"count":2,"href":"https:\/\/rickr-d.com\/es\/wp-json\/wp\/v2\/pages\/4017\/revisions"}],"predecessor-version":[{"id":4019,"href":"https:\/\/rickr-d.com\/es\/wp-json\/wp\/v2\/pages\/4017\/revisions\/4019"}],"wp:attachment":[{"href":"https:\/\/rickr-d.com\/es\/wp-json\/wp\/v2\/media?parent=4017"}],"curies":[{"name":"wp","href":"https:\/\/api.w.org\/{rel}","templated":true}]}}