{"id":3294,"date":"2016-04-29T14:47:49","date_gmt":"2016-04-29T19:47:49","guid":{"rendered":"http:\/\/rickr-d.com\/?page_id=3294"},"modified":"2019-01-08T21:27:46","modified_gmt":"2019-01-09T03:27:46","slug":"resume-original","status":"publish","type":"page","link":"https:\/\/rickr-d.com\/es\/resume-original\/","title":{"rendered":"Home-original"},"content":{"rendered":"<p>\n\t<section class=\"row section \">\n\t\t<div class=\"row-content buffer even clear-after\">\n\t\t\t\n<h3 style=\"text-align: center;\">Proyectos en los que he trabajado<\/h3>\n\n\t<div class=\"portfolio-section clear-after\">\n\n\t\t<div class=\"grid-items preload\">\n\n\t\t\t\n<article id=\"item-3639\" class=\"item column four post-3639 portfolio-3320 type-portfolio-3320 status-publish format-standard has-post-thumbnail hentry\" data-groups='[]'>\n\n    <figure><img src=\"https:\/\/rickr-d.com\/wp-content\/uploads\/2016\/06\/Sky-Hero-Kokonut-Studio-iOS-and-Android-cartoon-fun-app-videogame-cover-art-by_Rick_Ruiz-Dana-640x480.png\" width=\"640\" height=\"480\" class=\"attachment-thumb-640-480 wp-post-image\" alt=\"Kokonut Studio's iOS Android videogame app Sky Hero art by Rick Ruiz-Dana\"><\/figure>\n\n    \n        <a class=\"overlay\" href=\"https:\/\/rickr-d.com\/es\/projects\/item\/sky-hero\/\">\n\n    \n        <div class=\"overlay-content\">\n\n        \n            <div class=\"post-type\"><i class=\"linecon-icon-doc\"><\/i><\/div>\n\n                \n\n            <h2>Sky Hero<\/h2>\n\n        <\/div><!-- overlay-content -->\n\n    <\/a><!-- overlay -->\n\n<\/article>\n<article id=\"item-3633\" class=\"item column four post-3633 portfolio-3320 type-portfolio-3320 status-publish format-standard has-post-thumbnail hentry\" data-groups='[]'>\n\n    <figure><img src=\"https:\/\/rickr-d.com\/wp-content\/uploads\/2016\/05\/monster-high-ghouls-and-jewels-android-iOS-app-game-cover-by_Kokonut_Studios_and_Rick_Ruiz-Dana-640x480.png\" width=\"640\" height=\"480\" class=\"attachment-thumb-640-480 wp-post-image\" alt=\"Mattel's Monster High Ghouls and Jewels Apple iOS and Android app game by Blue Box Games, Collision Studios, Kokonut Studios and Rick Ruiz-Dana\"><\/figure>\n\n    \n        <a class=\"overlay\" href=\"https:\/\/rickr-d.com\/es\/projects\/item\/monster-high-ghouls-and-jewels\/\">\n\n    \n        <div class=\"overlay-content\">\n\n        \n            <div class=\"post-type\"><i class=\"linecon-icon-doc\"><\/i><\/div>\n\n                \n\n            <h2>Monster High: Ghouls and Jewels<\/h2>\n\n        <\/div><!-- overlay-content -->\n\n    <\/a><!-- overlay -->\n\n<\/article>\n<article id=\"item-3628\" class=\"item column four post-3628 portfolio-3320 type-portfolio-3320 status-publish format-standard has-post-thumbnail hentry tags-3320-comic\" data-groups='[&quot;comic&quot;]'>\n\n    <figure><img src=\"https:\/\/rickr-d.com\/wp-content\/uploads\/2016\/05\/Akined-Kinesiologia-Los-Super-Guardianes-Portada-webcomic-por-Rick-Ruiz-Dana-1-640x480.png\" width=\"640\" height=\"480\" class=\"attachment-thumb-640-480 wp-post-image\" alt=\"Akined comic\"><\/figure>\n\n    \n        <a class=\"overlay\" href=\"https:\/\/rickr-d.com\/es\/projects\/item\/akined-comic\/\">\n\n    \n        <div class=\"overlay-content\">\n\n        \n            <div class=\"post-type\"><i class=\"linecon-icon-doc\"><\/i><\/div>\n\n                \n\n            <h2>Akined comic<\/h2>\n\n        <\/div><!-- overlay-content -->\n\n    <\/a><!-- overlay -->\n\n<\/article>\n<article id=\"item-4795\" class=\"item column four post-4795 portfolio-3320 type-portfolio-3320 status-publish format-standard has-post-thumbnail hentry\" data-groups='[]'>\n\n    <figure><img src=\"https:\/\/rickr-d.com\/wp-content\/uploads\/2019\/05\/IRON-LEAGUE-JUNIOR-spanish-europe-robots-fighting-gameboard-boxart_artwork_cover_design_illustration_for_juegorama_by_Rick_Ruiz-Dana-640x480.png\" width=\"640\" height=\"480\" class=\"attachment-thumb-640-480 wp-post-image\" alt=\"Iron League Junior\"><\/figure>\n\n    \n        <a class=\"overlay\" href=\"https:\/\/rickr-d.com\/es\/projects\/item\/iron-league-junior-2\/\">\n\n    \n        <div class=\"overlay-content\">\n\n        \n            <div class=\"post-type\"><i class=\"linecon-icon-doc\"><\/i><\/div>\n\n                \n\n            <h2>Iron League Junior<\/h2>\n\n        <\/div><!-- overlay-content -->\n\n    <\/a><!-- overlay -->\n\n<\/article>\n<article id=\"item-3727\" class=\"item column four post-3727 portfolio-3320 type-portfolio-3320 status-publish format-standard has-post-thumbnail hentry\" data-groups='[]'>\n\n    <figure><img src=\"https:\/\/rickr-d.com\/wp-content\/uploads\/2016\/04\/Caldera-Estudio-Unity-webgame-instructional-learning-game-for-kids-Bolo-food-cover-by_Rick_Ruiz-Dana-640x480.png\" width=\"640\" height=\"480\" class=\"attachment-thumb-640-480 wp-post-image\" alt=\"Caldera Estudio Unity webgame instructional learning game for kids Bolo food cover illustration by Rick Ruiz-Dana\"><\/figure>\n\n    \n        <a class=\"overlay\" href=\"https:\/\/rickr-d.com\/es\/projects\/item\/bolo\/\">\n\n    \n        <div class=\"overlay-content\">\n\n        \n            <div class=\"post-type\"><i class=\"linecon-icon-doc\"><\/i><\/div>\n\n                \n\n            <h2>Bolo<\/h2>\n\n        <\/div><!-- overlay-content -->\n\n    <\/a><!-- overlay -->\n\n<\/article>\n<article id=\"item-3730\" class=\"item column four post-3730 portfolio-3320 type-portfolio-3320 status-publish format-standard has-post-thumbnail hentry\" data-groups='[]'>\n\n    <figure><img src=\"https:\/\/rickr-d.com\/wp-content\/uploads\/2016\/03\/Caldera-Estudio-interactive-app-game-exhibit-for-children-kids-museum-By_Rick_Ruiz-Dana-640x480.png\" width=\"640\" height=\"480\" class=\"attachment-thumb-640-480 wp-post-image\" alt=\"\u00bfLa edad cuenta?\"><\/figure>\n\n    \n        <a class=\"overlay\" href=\"https:\/\/rickr-d.com\/es\/projects\/item\/does-age-matter\/\">\n\n    \n        <div class=\"overlay-content\">\n\n        \n            <div class=\"post-type\"><i class=\"linecon-icon-doc\"><\/i><\/div>\n\n                \n\n            <h2>\u00bfLa edad cuenta?<\/h2>\n\n        <\/div><!-- overlay-content -->\n\n    <\/a><!-- overlay -->\n\n<\/article><div class=\"shuffle-sizer four\"><\/div>\n\t\t<\/div>\n\n    <\/div>\n\n\n    <div class=\"more-btn\"><a class=\"button purple\" href=\"http:\/\/rickr-d.com\/blog\/\">Ver m\u00e1s en mi blog<\/a><\/div>\n<p><span style=\"line-height: 1.5;\">\n\t\t<\/div>\n\t<\/section><\/span><\/p>\n\n\t<section class=\"row section text-light \" style=\"background-color:#453750;\">\n\t\t<div class=\"row-content buffer even clear-after\">\n\t\t\t\n<h3 style=\"text-align: center;\">Algunos de mis dibujos<\/h3>\n\n\t<div class=\"portfolio-section clear-after\">\n\n\t\t<div class=\"grid-items preload lightbox\">\n\n\t\t\t\n<article id=\"item-3709\" class=\"item column three post-3709 portfolio-3673 type-portfolio-3673 status-publish format-image has-post-thumbnail hentry\" data-groups='[]'>\n\n    <figure><img src=\"https:\/\/rickr-d.com\/wp-content\/uploads\/2016\/06\/Monster-Monday-031-Cartoon_shark_creature_with_fangs_and_big_mouth_pointy_teeth_by_Rick-Ruiz-Dana-f-640x480.png\" width=\"640\" height=\"480\" class=\"attachment-thumb-640-480 wp-post-image\" alt=\"Monster Monday: Criatura tibur\u00f3n\"><\/figure>\n\n    \n        \n        <a class=\"overlay\" href=\"https:\/\/rickr-d.com\/wp-content\/uploads\/2016\/06\/Monster-Monday-031-Cartoon_shark_creature_with_fangs_and_big_mouth_pointy_teeth_by_Rick-Ruiz-Dana-f.png\">\n\n    \n        <div class=\"overlay-content\">\n\n        \n            <div class=\"post-type\"><i class=\"linecon-icon-search\"><\/i><\/div>\n\n                \n\n            <h2>Monster Monday: Criatura tibur\u00f3n<\/h2>\n\n        <\/div><!-- overlay-content -->\n\n    <\/a><!-- overlay -->\n\n<\/article>\n<article id=\"item-3681\" class=\"item column three post-3681 portfolio-3673 type-portfolio-3673 status-publish format-standard has-post-thumbnail hentry\" data-groups='[]'>\n\n    <figure><img src=\"https:\/\/rickr-d.com\/wp-content\/uploads\/2016\/06\/Monster-Monday-029-Mutant-cartoon-funny-frog-monster-with-armpit-wings-by-Rick-Ruiz-Dana-f-640x480.png\" width=\"640\" height=\"480\" class=\"attachment-thumb-640-480 wp-post-image\" alt=\"Monster Monday: Monstruo-sapo volador\"><\/figure>\n\n    \n        \n        <a class=\"overlay\" href=\"https:\/\/rickr-d.com\/wp-content\/uploads\/2016\/06\/Monster-Monday-029-Mutant-cartoon-funny-frog-monster-with-armpit-wings-by-Rick-Ruiz-Dana-f.png\">\n\n    \n        <div class=\"overlay-content\">\n\n        \n            <div class=\"post-type\"><i class=\"linecon-icon-search\"><\/i><\/div>\n\n                \n\n            <h2>Monster Monday: Monstruo-sapo volador<\/h2>\n\n        <\/div><!-- overlay-content -->\n\n    <\/a><!-- overlay -->\n\n<\/article>\n<article id=\"item-3679\" class=\"item column three post-3679 portfolio-3673 type-portfolio-3673 status-publish format-standard has-post-thumbnail hentry\" data-groups='[]'>\n\n    <figure><img src=\"https:\/\/rickr-d.com\/wp-content\/uploads\/2016\/06\/Monster-Monday-033-Small-angry-Imp-demon-with-horns-that-has-feet-problems-by_Rick_Ruiz-Dana-f-640x480.png\" width=\"640\" height=\"480\" class=\"attachment-thumb-640-480 wp-post-image\" alt=\"Monster Monday: Diablillo enojado\"><\/figure>\n\n    \n        \n        <a class=\"overlay\" href=\"https:\/\/rickr-d.com\/wp-content\/uploads\/2016\/06\/Monster-Monday-033-Small-angry-Imp-demon-with-horns-that-has-feet-problems-by_Rick_Ruiz-Dana-f.png\">\n\n    \n        <div class=\"overlay-content\">\n\n        \n            <div class=\"post-type\"><i class=\"linecon-icon-search\"><\/i><\/div>\n\n                \n\n            <h2>Monster Monday: Diablillo enojado<\/h2>\n\n        <\/div><!-- overlay-content -->\n\n    <\/a><!-- overlay -->\n\n<\/article>\n<article id=\"item-3683\" class=\"item column three post-3683 portfolio-3673 type-portfolio-3673 status-publish format-standard has-post-thumbnail hentry\" data-groups='[]'>\n\n    <figure><img src=\"https:\/\/rickr-d.com\/wp-content\/uploads\/2016\/06\/Monster-Monday-028-cartoon-ulgy-and-angry-colorful-quimera-chimera-by-Rick-Ruiz-Dana-640x480.png\" width=\"640\" height=\"480\" class=\"attachment-thumb-640-480 wp-post-image\" alt=\"Monster Monday: Quimera de colores\"><\/figure>\n\n    \n        \n        <a class=\"overlay\" href=\"https:\/\/rickr-d.com\/wp-content\/uploads\/2016\/06\/Monster-Monday-028-cartoon-ulgy-and-angry-colorful-quimera-chimera-by-Rick-Ruiz-Dana.png\">\n\n    \n        <div class=\"overlay-content\">\n\n        \n            <div class=\"post-type\"><i class=\"linecon-icon-search\"><\/i><\/div>\n\n                \n\n            <h2>Monster Monday: Quimera de colores<\/h2>\n\n        <\/div><!-- overlay-content -->\n\n    <\/a><!-- overlay -->\n\n<\/article>\n<article id=\"item-3710\" class=\"item column three post-3710 portfolio-3673 type-portfolio-3673 status-publish format-standard has-post-thumbnail hentry\" data-groups='[]'>\n\n    <figure><img src=\"https:\/\/rickr-d.com\/wp-content\/uploads\/2016\/06\/Toro-illustration-Walter-Saravia-cartoon-children-kids-book-artwork-by_Rick_Ruiz-Dana-640x480.png\" width=\"640\" height=\"480\" class=\"attachment-thumb-640-480 wp-post-image\" alt=\"Toro, Ilustraci\u00f3n de libro infantil\"><\/figure>\n\n    \n        \n        <a class=\"overlay\" href=\"https:\/\/rickr-d.com\/wp-content\/uploads\/2016\/06\/Toro-illustration-Walter-Saravia-cartoon-children-kids-book-artwork-by_Rick_Ruiz-Dana.png\">\n\n    \n        <div class=\"overlay-content\">\n\n        \n            <div class=\"post-type\"><i class=\"linecon-icon-search\"><\/i><\/div>\n\n                \n\n            <h2>Toro, Ilustraci\u00f3n de libro infantil<\/h2>\n\n        <\/div><!-- overlay-content -->\n\n    <\/a><!-- overlay -->\n\n<\/article>\n<article id=\"item-3721\" class=\"item column three post-3721 portfolio-3673 type-portfolio-3673 status-publish format-standard has-post-thumbnail hentry\" data-groups='[]'>\n\n    <figure><img src=\"https:\/\/rickr-d.com\/wp-content\/uploads\/2016\/06\/Toro-illustration-Walter-Saravia-cartoon-children-kids-book-artwork_2-by_Rick_Ruiz-Dana-640x480.png\" width=\"640\" height=\"480\" class=\"attachment-thumb-640-480 wp-post-image\" alt=\"Toro, Ilustraci\u00f3n de libro infantil\"><\/figure>\n\n    \n        \n        <a class=\"overlay\" href=\"https:\/\/rickr-d.com\/wp-content\/uploads\/2016\/06\/Toro-illustration-Walter-Saravia-cartoon-children-kids-book-artwork_2-by_Rick_Ruiz-Dana.png\">\n\n    \n        <div class=\"overlay-content\">\n\n        \n            <div class=\"post-type\"><i class=\"linecon-icon-search\"><\/i><\/div>\n\n                \n\n            <h2>Toro, Ilustraci\u00f3n de libro infantil<\/h2>\n\n        <\/div><!-- overlay-content -->\n\n    <\/a><!-- overlay -->\n\n<\/article>\n<article id=\"item-3723\" class=\"item column three post-3723 portfolio-3673 type-portfolio-3673 status-publish format-standard has-post-thumbnail hentry\" data-groups='[]'>\n\n    <figure><img src=\"https:\/\/rickr-d.com\/wp-content\/uploads\/2016\/06\/Havent-played-Starcraft-2-designs-by-Rick-Ruiz-Dana-f-640x480.png\" width=\"640\" height=\"480\" class=\"attachment-thumb-640-480 wp-post-image\" alt=\"StarCraft 2 Conceptos\"><\/figure>\n\n    \n        \n        <a class=\"overlay\" href=\"https:\/\/rickr-d.com\/wp-content\/uploads\/2016\/06\/Havent-played-Starcraft-2-designs-by-Rick-Ruiz-Dana-f.png\">\n\n    \n        <div class=\"overlay-content\">\n\n        \n            <div class=\"post-type\"><i class=\"linecon-icon-search\"><\/i><\/div>\n\n                \n\n            <h2>StarCraft 2 Conceptos<\/h2>\n\n        <\/div><!-- overlay-content -->\n\n    <\/a><!-- overlay -->\n\n<\/article>\n<article id=\"item-3725\" class=\"item column three post-3725 portfolio-3673 type-portfolio-3673 status-publish format-standard has-post-thumbnail hentry\" data-groups='[]'>\n\n    <figure><img src=\"https:\/\/rickr-d.com\/wp-content\/uploads\/2016\/06\/Cartoon-marvel-comics-captain-america-lineless-character-with-shield-ready-to-fight-by-Rick-Ruiz-Dana-f-640x480.png\" width=\"640\" height=\"480\" class=\"attachment-thumb-640-480 wp-post-image\" alt=\"Capit\u00e1n Am\u00e9rica\"><\/figure>\n\n    \n        \n        <a class=\"overlay\" href=\"https:\/\/rickr-d.com\/wp-content\/uploads\/2016\/06\/Cartoon-marvel-comics-captain-america-lineless-character-with-shield-ready-to-fight-by-Rick-Ruiz-Dana-f.png\">\n\n    \n        <div class=\"overlay-content\">\n\n        \n            <div class=\"post-type\"><i class=\"linecon-icon-search\"><\/i><\/div>\n\n                \n\n            <h2>Capit\u00e1n Am\u00e9rica<\/h2>\n\n        <\/div><!-- overlay-content -->\n\n    <\/a><!-- overlay -->\n\n<\/article><div class=\"shuffle-sizer three\"><\/div>\n\t\t<\/div>\n\n    <\/div>\n\n\n    <div class=\"more-btn\"><a class=\"button purple\" href=\"https:\/\/www.facebook.com\/rickruizdana\/photos?ref=page_internal\" target=\"_blank\">\u00a1M\u00e1s en Facebook!<\/a><\/div>\n\n\t\t<\/div>\n\t<\/section>\n\n\t<section class=\"row section \">\n\t\t<div class=\"row-content buffer even clear-after\">\n\t\t\t\n<div class=\"timeline-wrapper\">\n\t\t<div class=\"side-label column six\">\n\t\t\t<h2>Experiencia<\/h2>\n\t\t\t<p>Como freelancer, trabajo con distintos clientes y marcas que necesitan ilustraci\u00f3n cartoon, personajes y animaci\u00f3n.\u00a0Aqu\u00ed algunos de ellos.<\/p>\n\t\t<\/div>\n<div class=\"timeline column six last\">\n\t\t\t\t<div class=\"year clear-after\">\n\t\t\t\t\t<div class=\"time\">2019 -2025<\/div>\n\t\t\t\t\t<div class=\"experience\">\n\t\t\t\t\t\t<span class=\"circle\"><\/span>\n\t\t\t\t\t\t<div class=\"experience-info clear-after\">\n\t\t\t\t\t\t\t<h5>Trabajo de Freelance<\/h5>\n\t\t\t\t\t\t\t<div class=\"role\">Storyboard, Arte concepto, escenarios<\/div>\n\t\t\t\t\t\t\t<p>Actualmente trabajo haciendo storyboards, animaci\u00f3n 3D, dise\u00f1o de personajes y arte concepto para clientes como Gargamel Estudio, UNODC y \u00c1tomo Studio.<\/p>\n\t\t\t\t\t\t<\/div>\n\t\t\t\t\t<\/div><\/div>\n\t\t\t\t<div class=\"year clear-after\">\n\t\t\t\t\t<div class=\"time\">2018<\/div>\n\t\t\t\t\t<div class=\"experience exp-img\">\n\t\t\t\t\t\t<span class=\"circle\"><\/span><div class=\"experience-img\"><img src=\"https:\/\/rickr-d.com\/wp-content\/uploads\/2019\/01\/Youtube_logo_channel_Rick_Ruiz-Dana-1-120x120.png\" alt=\"\"><\/div>\n\t\t\t\t\t\t<div class=\"experience-info clear-after\">\n\t\t\t\t\t\t\t<h5>Mi canal de Youtube<\/h5>\n\t\t\t\t\t\t\t<div class=\"role\">Creador de contenido y artista<\/div>\n\t\t\t\t\t\t\t<p>Pase el 2018 trabajando en contenido para mi canal de tutoriales de Dibujo Cartoon.<\/p>\n\t\t\t\t\t\t<\/div>\n\t\t\t\t\t<\/div><\/div>\n\t\t\t\t<div class=\"year clear-after\">\n\t\t\t\t\t<div class=\"time\">2017<\/div>\n\t\t\t\t\t<div class=\"experience exp-img\">\n\t\t\t\t\t\t<span class=\"circle\"><\/span><div class=\"experience-img\"><img src=\"https:\/\/rickr-d.com\/wp-content\/uploads\/2019\/01\/Atomo_Studio_logo_client_Rick_Ruiz-Dana-1-120x120-copy.png\" alt=\"\"><\/div>\n\t\t\t\t\t\t<div class=\"experience-info clear-after\">\n\t\t\t\t\t\t\t<h5>Atomo Studio<\/h5>\n\t\t\t\t\t\t\t<div class=\"role\">Storyboard, dise\u00f1o de personajes, ilustrador<\/div>\n\t\t\t\t\t\t\t<p>Con Atomo, trabaje en anuncios publicitarios animados para S-Mart, K-Swiss, entre otros.<\/p>\n\t\t\t\t\t\t<\/div>\n\t\t\t\t\t<\/div><\/div>\n\t\t\t\t<div class=\"year clear-after\">\n\t\t\t\t\t<div class=\"time\">2016<\/div>\n\t\t\t\t\t<div class=\"experience exp-img\">\n\t\t\t\t\t\t<span class=\"circle\"><\/span><div class=\"experience-img\"><img src=\"https:\/\/rickr-d.com\/wp-content\/uploads\/2016\/05\/caldera_Estudio_logo_client_Rick_Ruiz-Dana-1.png\" alt=\"\"><\/div>\n\t\t\t\t\t\t<div class=\"experience-info clear-after\">\n\t\t\t\t\t\t\t<h5>Caldera Studio<\/h5>\n\t\t\t\t\t\t\t<div class=\"role\">Ilustrador y animador 2D<\/div>\n\t\t\t\t\t\t\t<p>Para ellos he realizado ilustraciones y animaci\u00f3n 2D para diversos proyectos multimedia educativos y juegos web para ni\u00f1os.<\/p>\n\t\t\t\t\t\t<\/div>\n\t\t\t\t\t<\/div><\/div>\n\t\t\t\t<div class=\"year clear-after\">\n\t\t\t\t\t<div class=\"time\">2015<\/div>\n\t\t\t\t\t<div class=\"experience exp-img\">\n\t\t\t\t\t\t<span class=\"circle\"><\/span><div class=\"experience-img\"><img src=\"https:\/\/rickr-d.com\/wp-content\/uploads\/2016\/04\/Kokonut_studio_logo_Rick-Ruiz-Dana-Skyhero-Monster-High-Jewels-and-ghouls-android-ios-games.png\" alt=\"\"><\/div>\n\t\t\t\t\t\t<div class=\"experience-info clear-after\">\n\t\t\t\t\t\t\t<h5>Kokonut Studio<\/h5>\n\t\t\t\t\t\t\t<div class=\"role\">Dise\u00f1ador de personajes y animador 2D<\/div>\n\t\t\t\t\t\t\t<p>Como freelancer, realice dise\u00f1os, assets y animaci\u00f3n 2D para varias apps y juegos, incluyendo Mattel's Monster High: Ghouls and Jewels y Best-of-2013 iTunes' SkyHero, para iOS y Android.<\/p>\n\t\t\t\t\t\t<\/div>\n\t\t\t\t\t<\/div>\n\t\t\t\t\t<div class=\"experience exp-img\">\n\t\t\t\t\t\t<span class=\"circle\"><\/span><div class=\"experience-img\"><img src=\"https:\/\/rickr-d.com\/wp-content\/uploads\/2016\/05\/Iron-League-Junior-art-Juegorama-by-Rick-Ruiz-Dana.png\" alt=\"\"><\/div>\n\t\t\t\t\t\t<div class=\"experience-info clear-after\">\n\t\t\t\t\t\t\t<h5>Iron League Junior<\/h5>\n\t\t\t\t\t\t\t<div class=\"role\">Artista de dise\u00f1o de empaque<\/div>\n\t\t\t\t\t\t\t<p>(English) I created the design and illustration for the Juegorama's newest game: Iron League Junior.Realice el dise\u00f1o e ilustraci\u00f3n para Iron League Junior, el nuevo juego de mesa de Juegorama.<\/p>\n\t\t\t\t\t\t<\/div>\n\t\t\t\t\t<\/div><\/div>\n\t\t\t\t<div class=\"year clear-after\">\n\t\t\t\t\t<div class=\"time\">2014<\/div>\n\t\t\t\t\t<div class=\"experience exp-img\">\n\t\t\t\t\t\t<span class=\"circle\"><\/span><div class=\"experience-img\"><img src=\"https:\/\/rickr-d.com\/wp-content\/uploads\/2016\/05\/Monster-High-Ghouls-and-Jewels-by-Kokonut-Studios-Blue-Box-Games-Mattel-Rick-Ruiz-Dana.png\" alt=\"\"><\/div>\n\t\t\t\t\t\t<div class=\"experience-info clear-after\">\n\t\t\t\t\t\t\t<h5>Monster High: Ghouls and Jewels<\/h5>\n\t\t\t\t\t\t\t<div class=\"role\">Dise\u00f1ador de Assets, Artista de escenarios<\/div>\n\t\t\t\t\t\t\t<p>Trabaje con Kokonut Studios y Collision Studios en este juego publicado por Mattel y desarrollado por Box Games para iOS y Android.<\/p>\n\t\t\t\t\t\t<\/div>\n\t\t\t\t\t<\/div><\/div><\/div><\/div>\n\t\t<\/div>\n\t<\/section>\n\n\t<section class=\"row section text-light \" style=\"background-color:#ac6cce;\">\n\t\t<div class=\"row-content buffer even clear-after\">\n\t\t\t\n\n\t<div class=\"column threefourths \">\n\t<img loading=\"lazy\" class=\"alignright size-full wp-image-4011\" src=\"http:\/\/rickr-d.com\/wp-content\/uploads\/2016\/04\/Cartoon_Hi-tech_superHero-character_blue_boy_red_hair_with_mask_by_Rick_Ruiz-Dana-72dpi.png\" alt=\"Cartoon_Hi-tech_superHero-character_blue_boy_red_hair_with_mask_by_Rick_Ruiz-Dana 72dpi\" width=\"397\" height=\"450\" srcset=\"https:\/\/rickr-d.com\/wp-content\/uploads\/2016\/04\/Cartoon_Hi-tech_superHero-character_blue_boy_red_hair_with_mask_by_Rick_Ruiz-Dana-72dpi.png 397w, https:\/\/rickr-d.com\/wp-content\/uploads\/2016\/04\/Cartoon_Hi-tech_superHero-character_blue_boy_red_hair_with_mask_by_Rick_Ruiz-Dana-72dpi-265x300.png 265w\" sizes=\"(max-width: 397px) 100vw, 397px\" \/><\/p>\n\n\t<\/div>\n\t<div class=\"column  fourth last \">\n\t\n<p><div role=\"form\" class=\"wpcf7\" id=\"wpcf7-f3648-o2\" lang=\"en-US\" dir=\"ltr\">\n<div class=\"screen-reader-response\"><p role=\"status\" aria-live=\"polite\" aria-atomic=\"true\"><\/p> <ul><\/ul><\/div>\n<form action=\"\/es\/wp-json\/wp\/v2\/pages\/3294#wpcf7-f3648-o2\" method=\"post\" class=\"wpcf7-form init\" novalidate=\"novalidate\" data-status=\"init\">\n<div style=\"display: none;\">\n<input type=\"hidden\" name=\"_wpcf7\" value=\"3648\" \/>\n<input type=\"hidden\" name=\"_wpcf7_version\" value=\"5.4.1\" \/>\n<input type=\"hidden\" name=\"_wpcf7_locale\" value=\"en_US\" \/>\n<input type=\"hidden\" name=\"_wpcf7_unit_tag\" value=\"wpcf7-f3648-o2\" \/>\n<input type=\"hidden\" name=\"_wpcf7_container_post\" value=\"0\" \/>\n<input type=\"hidden\" name=\"_wpcf7_posted_data_hash\" value=\"\" \/>\n<input type=\"hidden\" name=\"_wpcf7_recaptcha_response\" value=\"\" \/>\n<\/div>\n<p>Your Name (required)<br \/>\n    <span class=\"wpcf7-form-control-wrap your-name\"><input type=\"text\" name=\"your-name\" value=\"\" size=\"40\" class=\"wpcf7-form-control wpcf7-text wpcf7-validates-as-required\" aria-required=\"true\" aria-invalid=\"false\" \/><\/span> <\/p>\n<p>Your Email (required)<br \/>\n    <span class=\"wpcf7-form-control-wrap your-email\"><input type=\"email\" name=\"your-email\" value=\"\" size=\"40\" class=\"wpcf7-form-control wpcf7-text wpcf7-email wpcf7-validates-as-required wpcf7-validates-as-email\" aria-required=\"true\" aria-invalid=\"false\" \/><\/span> <\/p>\n<p>Subject<br \/>\n    <span class=\"wpcf7-form-control-wrap your-subject\"><input type=\"text\" name=\"your-subject\" value=\"\" size=\"40\" class=\"wpcf7-form-control wpcf7-text\" aria-invalid=\"false\" \/><\/span> <\/p>\n<p>Your Message<br \/>\n    <span class=\"wpcf7-form-control-wrap your-message\"><textarea name=\"your-message\" cols=\"40\" rows=\"10\" class=\"wpcf7-form-control wpcf7-textarea\" aria-invalid=\"false\"><\/textarea><\/span> <\/p>\n<p><input type=\"submit\" value=\"Send\" class=\"wpcf7-form-control wpcf7-submit\" \/><\/p>\n<div class=\"wpcf7-response-output\" aria-hidden=\"true\"><\/div><\/form><\/div><br \/>\n\n\t<\/div>\n\t\t<\/div>\n\t<\/section><\/p>","protected":false},"excerpt":{"rendered":"","protected":false},"author":1,"featured_media":0,"parent":0,"menu_order":0,"comment_status":"closed","ping_status":"closed","template":"template-blank.php","meta":[],"aioseo_notices":[],"_links":{"self":[{"href":"https:\/\/rickr-d.com\/es\/wp-json\/wp\/v2\/pages\/3294"}],"collection":[{"href":"https:\/\/rickr-d.com\/es\/wp-json\/wp\/v2\/pages"}],"about":[{"href":"https:\/\/rickr-d.com\/es\/wp-json\/wp\/v2\/types\/page"}],"author":[{"embeddable":true,"href":"https:\/\/rickr-d.com\/es\/wp-json\/wp\/v2\/users\/1"}],"replies":[{"embeddable":true,"href":"https:\/\/rickr-d.com\/es\/wp-json\/wp\/v2\/comments?post=3294"}],"version-history":[{"count":127,"href":"https:\/\/rickr-d.com\/es\/wp-json\/wp\/v2\/pages\/3294\/revisions"}],"predecessor-version":[{"id":4417,"href":"https:\/\/rickr-d.com\/es\/wp-json\/wp\/v2\/pages\/3294\/revisions\/4417"}],"wp:attachment":[{"href":"https:\/\/rickr-d.com\/es\/wp-json\/wp\/v2\/media?parent=3294"}],"curies":[{"name":"wp","href":"https:\/\/api.w.org\/{rel}","templated":true}]}}