{"id":2228,"date":"2012-03-03T01:13:14","date_gmt":"2012-03-03T07:13:14","guid":{"rendered":"http:\/\/rickr-d.com\/gallery1\/"},"modified":"2012-03-03T01:13:14","modified_gmt":"2012-03-03T07:13:14","slug":"gallery1","status":"publish","type":"page","link":"https:\/\/rickr-d.com\/es\/gallery1\/","title":{"rendered":"(English) gallery1"},"content":{"rendered":"<p class=\"qtranxs-available-languages-message qtranxs-available-languages-message-es\">Disculpa, pero esta entrada est\u00e1 disponible s\u00f3lo en <a href=\"https:\/\/rickr-d.com\/en\/wp-json\/wp\/v2\/pages\/2228\" class=\"qtranxs-available-language-link qtranxs-available-language-link-en\" title=\"English\">Ingl\u00e9s Estadounidense<\/a>.<\/p>","protected":false},"excerpt":{"rendered":"<p>Disculpa, pero esta entrada est\u00e1 disponible s\u00f3lo en Ingl\u00e9s Estadounidense.<\/p>\n","protected":false},"author":1,"featured_media":0,"parent":0,"menu_order":0,"comment_status":"open","ping_status":"open","template":"","meta":[],"aioseo_notices":[],"_links":{"self":[{"href":"https:\/\/rickr-d.com\/es\/wp-json\/wp\/v2\/pages\/2228"}],"collection":[{"href":"https:\/\/rickr-d.com\/es\/wp-json\/wp\/v2\/pages"}],"about":[{"href":"https:\/\/rickr-d.com\/es\/wp-json\/wp\/v2\/types\/page"}],"author":[{"embeddable":true,"href":"https:\/\/rickr-d.com\/es\/wp-json\/wp\/v2\/users\/1"}],"replies":[{"embeddable":true,"href":"https:\/\/rickr-d.com\/es\/wp-json\/wp\/v2\/comments?post=2228"}],"version-history":[{"count":0,"href":"https:\/\/rickr-d.com\/es\/wp-json\/wp\/v2\/pages\/2228\/revisions"}],"wp:attachment":[{"href":"https:\/\/rickr-d.com\/es\/wp-json\/wp\/v2\/media?parent=2228"}],"curies":[{"name":"wp","href":"https:\/\/api.w.org\/{rel}","templated":true}]}}