{"id":2201,"date":"2012-03-03T00:05:44","date_gmt":"2012-03-03T06:05:44","guid":{"rendered":"http:\/\/rickr-d.com\/?page_id=2201"},"modified":"2012-03-03T00:12:43","modified_gmt":"2012-03-03T06:12:43","slug":"slider","status":"publish","type":"page","link":"https:\/\/rickr-d.com\/es\/sliders\/slider\/","title":{"rendered":"sliderjr"},"content":{"rendered":"<p class=\"qtranxs-available-languages-message qtranxs-available-languages-message-es\">Disculpa, pero esta entrada est\u00e1 disponible s\u00f3lo en <a href=\"https:\/\/rickr-d.com\/en\/wp-json\/wp\/v2\/pages\/2201\" class=\"qtranxs-available-language-link qtranxs-available-language-link-en\" title=\"English\">Ingl\u00e9s Estadounidense<\/a>.<\/p>","protected":false},"excerpt":{"rendered":"<p>Disculpa, pero esta entrada est\u00e1 disponible s\u00f3lo en Ingl\u00e9s Estadounidense.<\/p>\n","protected":false},"author":1,"featured_media":0,"parent":2206,"menu_order":0,"comment_status":"open","ping_status":"open","template":"","meta":[],"aioseo_notices":[],"_links":{"self":[{"href":"https:\/\/rickr-d.com\/es\/wp-json\/wp\/v2\/pages\/2201"}],"collection":[{"href":"https:\/\/rickr-d.com\/es\/wp-json\/wp\/v2\/pages"}],"about":[{"href":"https:\/\/rickr-d.com\/es\/wp-json\/wp\/v2\/types\/page"}],"author":[{"embeddable":true,"href":"https:\/\/rickr-d.com\/es\/wp-json\/wp\/v2\/users\/1"}],"replies":[{"embeddable":true,"href":"https:\/\/rickr-d.com\/es\/wp-json\/wp\/v2\/comments?post=2201"}],"version-history":[{"count":4,"href":"https:\/\/rickr-d.com\/es\/wp-json\/wp\/v2\/pages\/2201\/revisions"}],"predecessor-version":[{"id":2208,"href":"https:\/\/rickr-d.com\/es\/wp-json\/wp\/v2\/pages\/2201\/revisions\/2208"}],"up":[{"embeddable":true,"href":"https:\/\/rickr-d.com\/es\/wp-json\/wp\/v2\/pages\/2206"}],"wp:attachment":[{"href":"https:\/\/rickr-d.com\/es\/wp-json\/wp\/v2\/media?parent=2201"}],"curies":[{"name":"wp","href":"https:\/\/api.w.org\/{rel}","templated":true}]}}