{"id":1565,"date":"2011-11-08T10:41:37","date_gmt":"2011-11-08T16:41:37","guid":{"rendered":"http:\/\/rickr-d.com\/?page_id=1565"},"modified":"2019-01-10T17:18:36","modified_gmt":"2019-01-10T23:18:36","slug":"1-2","status":"publish","type":"page","link":"https:\/\/rickr-d.com\/es\/1-2\/","title":{"rendered":"(English) 1"},"content":{"rendered":"<p class=\"qtranxs-available-languages-message qtranxs-available-languages-message-es\">Disculpa, pero esta entrada est\u00e1 disponible s\u00f3lo en <a href=\"https:\/\/rickr-d.com\/en\/wp-json\/wp\/v2\/pages\/1565\" class=\"qtranxs-available-language-link qtranxs-available-language-link-en\" title=\"English\">Ingl\u00e9s Estadounidense<\/a>.<\/p>","protected":false},"excerpt":{"rendered":"<p>Disculpa, pero esta entrada est\u00e1 disponible s\u00f3lo en Ingl\u00e9s Estadounidense.<\/p>\n","protected":false},"author":1,"featured_media":0,"parent":0,"menu_order":0,"comment_status":"open","ping_status":"open","template":"","meta":[],"aioseo_notices":[],"_links":{"self":[{"href":"https:\/\/rickr-d.com\/es\/wp-json\/wp\/v2\/pages\/1565"}],"collection":[{"href":"https:\/\/rickr-d.com\/es\/wp-json\/wp\/v2\/pages"}],"about":[{"href":"https:\/\/rickr-d.com\/es\/wp-json\/wp\/v2\/types\/page"}],"author":[{"embeddable":true,"href":"https:\/\/rickr-d.com\/es\/wp-json\/wp\/v2\/users\/1"}],"replies":[{"embeddable":true,"href":"https:\/\/rickr-d.com\/es\/wp-json\/wp\/v2\/comments?post=1565"}],"version-history":[{"count":3,"href":"https:\/\/rickr-d.com\/es\/wp-json\/wp\/v2\/pages\/1565\/revisions"}],"predecessor-version":[{"id":4460,"href":"https:\/\/rickr-d.com\/es\/wp-json\/wp\/v2\/pages\/1565\/revisions\/4460"}],"wp:attachment":[{"href":"https:\/\/rickr-d.com\/es\/wp-json\/wp\/v2\/media?parent=1565"}],"curies":[{"name":"wp","href":"https:\/\/api.w.org\/{rel}","templated":true}]}}